{"id":254,"date":"2024-09-25T20:23:50","date_gmt":"2024-09-25T20:23:50","guid":{"rendered":"https:\/\/pongara.net\/repudio\/?page_id=254"},"modified":"2024-09-26T01:55:47","modified_gmt":"2024-09-26T01:55:47","slug":"labanda","status":"publish","type":"page","link":"https:\/\/pongara.net\/repudio\/labanda\/","title":{"rendered":"La Banda"},"content":{"rendered":"\n<p class=\"has-text-align-center\">Repudio nace en abril del 2011 con la inquietud de hacer y crear Thrash Metal, Juan Carlos \u00abNico\u00bb Medina (Guitarrista) se re\u00fane con Gonzalo \u00abChalo\u00bb Cutz (baterista), los dos con gustos musicales diferentes, pero llegando al acuerdo de tratar de crear Thrash de la vieja escuela, se incorpora al proyecto Alejandro Conde (bajo) y empezar\u00eda la b\u00fasqueda del vocal, sin embargo tras varios intentos (Pekas, Yair, Amilcar, entre otros) no se lograba completar la alineaci\u00f3n de la banda. Fue hasta abril del 2013 que entra V\u00edctor \u00abVic\u00bb M\u00e9ndez y llena el espacio que necesitaba la banda e inicia la actividad en forma. Fue con esta alineaci\u00f3n que Repudio empez\u00f3 a generar su material propio: Am\u00e9n, A\u00fan Te Queda Valor, Grita, V\u00f3rtice, Temible y Repudio son parte del primer tracklist de la banda, contando con el sonido caracter\u00edstico y letras en donde se reflejan abstracciones de los acontecimientos y problemas de nuestro contexto social actual. Sin embargo, la alineaci\u00f3n de la banda se ha visto afectada por varios cambios de bateristas a la salida de Chalo (Jafet, Erick, David, Xavier, Alex), hasta que finalmente Maximiliano \u00abMax\u00bb Medina toma el control de la bater\u00eda en 2022, sentando la alineaci\u00f3n actual. Eventualmente la banda tambi\u00e9n ha tenido dos guitarras siendo Martin \u00abPipe\u00bb Garc\u00eda quien se ha hecho cargo de la guitarra r\u00edtmica.<\/p>\n\n\n\n<figure class=\"wp-block-image size-large\"><img loading=\"lazy\" decoding=\"async\" width=\"1024\" height=\"578\" src=\"https:\/\/pongara.net\/repudio\/wp-content\/uploads\/2024\/09\/328837547_1327168978138201_2411984260000937537_n-1024x578.jpg\" alt=\"\" class=\"wp-image-269\" srcset=\"https:\/\/pongara.net\/repudio\/wp-content\/uploads\/2024\/09\/328837547_1327168978138201_2411984260000937537_n-1024x578.jpg 1024w, https:\/\/pongara.net\/repudio\/wp-content\/uploads\/2024\/09\/328837547_1327168978138201_2411984260000937537_n-300x169.jpg 300w, https:\/\/pongara.net\/repudio\/wp-content\/uploads\/2024\/09\/328837547_1327168978138201_2411984260000937537_n-768x433.jpg 768w, https:\/\/pongara.net\/repudio\/wp-content\/uploads\/2024\/09\/328837547_1327168978138201_2411984260000937537_n-1536x866.jpg 1536w, https:\/\/pongara.net\/repudio\/wp-content\/uploads\/2024\/09\/328837547_1327168978138201_2411984260000937537_n.jpg 2048w\" sizes=\"auto, (max-width: 1024px) 100vw, 1024px\" \/><\/figure>\n\n\n\n<p class=\"has-text-align-center\">Siempre comprometidos con la esencia del metal, y tratando de preservar la m\u00edstica de crear m\u00fasica propia, Repudio ha logrado posicionarse en un lugar especial dentro de la memoria colectiva. Fue una de las primeras bandas campechanas en aparecer en la Encyclopaedia Metallum, y la primera en figurar en la cartelera 2021 del Festival Internacional del Centro Hist\u00f3rico de Campeche. Adem\u00e1s de aparecer en medios especializados como Riff 111, Repudio tambi\u00e9n ha aparecido en fanzines y webs dedicadas a cubrir la escena. Sus presentaciones invitan a alejarse del mundo incierto de los covers, y a apoyar a las bandas locales y su material original. Aunque para este a\u00f1o, Repudio ha decidido salir de su zona de confort underground para aventurarse en la grabaci\u00f3n de su primer material de larga duraci\u00f3n, lo que los mantendr\u00e1 fuera de los reflectores la mayor parte de este 2024. El cuarteto ha dejado entrever que quiz\u00e1 tambi\u00e9n sea lanzado un EP, merchandising y material exclusivo como complementos del nuevo material y como parte de la celebraci\u00f3n por los pr\u00f3ximos 14 a\u00f1os de vida de la banda.<\/p>\n\n\n\n<figure class=\"wp-block-image size-large\"><img loading=\"lazy\" decoding=\"async\" width=\"1024\" height=\"576\" src=\"https:\/\/pongara.net\/repudio\/wp-content\/uploads\/2024\/09\/328442913_3458469514389923_3496118499480107560_n-1024x576.jpg\" alt=\"\" class=\"wp-image-270\" srcset=\"https:\/\/pongara.net\/repudio\/wp-content\/uploads\/2024\/09\/328442913_3458469514389923_3496118499480107560_n-1024x576.jpg 1024w, https:\/\/pongara.net\/repudio\/wp-content\/uploads\/2024\/09\/328442913_3458469514389923_3496118499480107560_n-300x169.jpg 300w, https:\/\/pongara.net\/repudio\/wp-content\/uploads\/2024\/09\/328442913_3458469514389923_3496118499480107560_n-768x432.jpg 768w, https:\/\/pongara.net\/repudio\/wp-content\/uploads\/2024\/09\/328442913_3458469514389923_3496118499480107560_n-1536x864.jpg 1536w, https:\/\/pongara.net\/repudio\/wp-content\/uploads\/2024\/09\/328442913_3458469514389923_3496118499480107560_n-990x556.jpg 990w, https:\/\/pongara.net\/repudio\/wp-content\/uploads\/2024\/09\/328442913_3458469514389923_3496118499480107560_n-1920x1080.jpg 1920w, https:\/\/pongara.net\/repudio\/wp-content\/uploads\/2024\/09\/328442913_3458469514389923_3496118499480107560_n.jpg 2048w\" sizes=\"auto, (max-width: 1024px) 100vw, 1024px\" \/><\/figure>\n\n\n\n<figure class=\"wp-block-image size-large\"><img loading=\"lazy\" decoding=\"async\" width=\"1024\" height=\"577\" src=\"https:\/\/pongara.net\/repudio\/wp-content\/uploads\/2024\/09\/328696794_414652304192258_1091069587088386840_n-1024x577.jpg\" alt=\"\" class=\"wp-image-271\" srcset=\"https:\/\/pongara.net\/repudio\/wp-content\/uploads\/2024\/09\/328696794_414652304192258_1091069587088386840_n-1024x577.jpg 1024w, https:\/\/pongara.net\/repudio\/wp-content\/uploads\/2024\/09\/328696794_414652304192258_1091069587088386840_n-300x169.jpg 300w, https:\/\/pongara.net\/repudio\/wp-content\/uploads\/2024\/09\/328696794_414652304192258_1091069587088386840_n-768x433.jpg 768w, https:\/\/pongara.net\/repudio\/wp-content\/uploads\/2024\/09\/328696794_414652304192258_1091069587088386840_n-1536x866.jpg 1536w, https:\/\/pongara.net\/repudio\/wp-content\/uploads\/2024\/09\/328696794_414652304192258_1091069587088386840_n-1920x1080.jpg 1920w, https:\/\/pongara.net\/repudio\/wp-content\/uploads\/2024\/09\/328696794_414652304192258_1091069587088386840_n.jpg 2048w\" sizes=\"auto, (max-width: 1024px) 100vw, 1024px\" \/><\/figure>\n","protected":false},"excerpt":{"rendered":"<p>Repudio nace en abril del 2011 con la inquietud de hacer y crear Thrash Metal, Juan Carlos \u00abNico\u00bb Medina (Guitarrista) se re\u00fane con Gonzalo \u00abChalo\u00bb Cutz (baterista), los dos con<\/p>\n<p class=\"more-link\"><a href=\"https:\/\/pongara.net\/repudio\/labanda\/\" class=\"readmore\">Seguir leyendo<span class=\"screen-reader-text\">La Banda<\/span><\/a><\/p>\n","protected":false},"author":1,"featured_media":0,"parent":0,"menu_order":0,"comment_status":"closed","ping_status":"closed","template":"","meta":{"footnotes":""},"class_list":["post-254","page","type-page","status-publish","hentry"],"_links":{"self":[{"href":"https:\/\/pongara.net\/repudio\/wp-json\/wp\/v2\/pages\/254","targetHints":{"allow":["GET"]}}],"collection":[{"href":"https:\/\/pongara.net\/repudio\/wp-json\/wp\/v2\/pages"}],"about":[{"href":"https:\/\/pongara.net\/repudio\/wp-json\/wp\/v2\/types\/page"}],"author":[{"embeddable":true,"href":"https:\/\/pongara.net\/repudio\/wp-json\/wp\/v2\/users\/1"}],"replies":[{"embeddable":true,"href":"https:\/\/pongara.net\/repudio\/wp-json\/wp\/v2\/comments?post=254"}],"version-history":[{"count":2,"href":"https:\/\/pongara.net\/repudio\/wp-json\/wp\/v2\/pages\/254\/revisions"}],"predecessor-version":[{"id":272,"href":"https:\/\/pongara.net\/repudio\/wp-json\/wp\/v2\/pages\/254\/revisions\/272"}],"wp:attachment":[{"href":"https:\/\/pongara.net\/repudio\/wp-json\/wp\/v2\/media?parent=254"}],"curies":[{"name":"wp","href":"https:\/\/api.w.org\/{rel}","templated":true}]}}